{"id":31947,"date":"2022-11-29T11:08:56","date_gmt":"2022-11-29T10:08:56","guid":{"rendered":"https:\/\/www.xn--nordsdtrail-xhb.de\/interactieve-kaart\/"},"modified":"2025-10-05T18:58:00","modified_gmt":"2025-10-05T16:58:00","slug":"interactieve-kaart","status":"publish","type":"page","link":"https:\/\/www.xn--nordsdtrail-xhb.de\/nl\/interactieve-kaart\/","title":{"rendered":"Interactieve kaart"},"content":{"rendered":"<div class=\"wpb-content-wrapper\">[vc_row css=&#8221;.vc_custom_1674826654070{padding-top: 250px !important;padding-bottom: 250px !important;background-image: url(https:\/\/www.xn--nordsdtrail-xhb.de\/wp-content\/uploads\/2023\/01\/HeadInteraktive-Karte.jpg?id=7036) !important;background-position: center !important;background-repeat: no-repeat !important;background-size: cover !important;}&#8221;][vc_column][vc_row_inner row_content_width=&#8221;grid&#8221;][vc_column_inner][vc_custom_heading text=&#8221;Welke routes behoren tot het NST?&#8221; font_container=&#8221;tag:h6|text_align:center|color:%23ffffff&#8221; use_theme_fonts=&#8221;yes&#8221;]<div class=\"mkdf-section-title-holder   mkdf-st-highlight mkdf-center-align\" style=\"text-align: center\">\n\t<div class=\"mkdf-st-inner\">\n\t\t\t\t\t\t\t<h2 class=\"mkdf-st-title\" style=\"color: #ffffff\">\n                            <span class=\"mkdf-st-highlight-title-holder\" style=\"color: #59815b\">\n                                                        <span class=\"mkdf-st-highlight-title\" style=\"color: #fff\">Interactieve<\/span>\n                                                        <span class=\"mkdf-st-highlight\">\n                                                        <svg version=\"1.1\" xmlns=\"http:\/\/www.w3.org\/2000\/svg\" xmlns:xlink=\"http:\/\/www.w3.org\/1999\/xlink\" x=\"0px\" y=\"0px\" viewBox=\"0 0 15.7 30\" style=\"enable-background:new 0 0 15.7 30;\" xml:space=\"preserve\" class=\"mkdf-active-hover-left\"><polygon class=\"st0\" points=\"2.6,1 0.7,3.3 2,5.8 2.3,7.6 2.9,8.7 4.4,10.5 3.9,10.8 4.4,11.9 4.4,12.8 4.1,13.8 3.3,14.7 3.9,15.8 4.4,16.8 4,17.5 3.5,18.1 2.2,20.2 3.4,21.5 4.2,24.1 3.4,25.4 2.5,27.4 2.5,27.8 3.2,28.3 4.1,28.5 4.9,29 14.8,29 14.8,1 \"\/><\/svg>\n                                                        <span class=\"mkdf-active-hover-middle\"><\/span>\n                                                        <svg version=\"1.1\" xmlns=\"http:\/\/www.w3.org\/2000\/svg\" xmlns:xlink=\"http:\/\/www.w3.org\/1999\/xlink\" x=\"0px\" y=\"0px\" viewBox=\"0 0 13.3 30\" style=\"enable-background:new 0 0 13.3 30;\" xml:space=\"preserve\" class=\"mkdf-active-hover-right\"><polygon class=\"st0\" points=\"10,1 10.2,2.1 10.6,2.9 10.6,3.3 10.8,3.7 10.8,4.3 11,5 11,5.7 11,6.3 10.5,6.7 10.8,7.3 11,7.8 \t11.6,8.3 11.6,8.6 11.5,8.9 11.6,9.9 11.6,10.5 12.4,11.6 12.1,12 12.4,12.2 11.8,12.8 11.4,13.5 11.6,13.7 11.9,13.7 12,13.9 11.5,15.1 10.8,16 9.1,17.7 9.7,18.2 9.3,19 9.7,19.8 9.6,20.6 9.7,21.5 9.6,21.9 9.6,22.3 10.1,22.8 9.6,23.6 9.7,24 9.7,24.2 9.9,24.4 9.5,24.7 9.3,25.4 9.3,25.9 8.8,26.2 8.5,27.1 8.8,27.8 9.4,28.6 7.8,29 0.9,29 0.9,1 \"\/><\/svg>\n                                                        <\/span>\n                                                    <\/span> kaart            \t\t\t<\/h2>\n\t\t\t\t\t\t\t<\/div>\n<\/div>[\/vc_column_inner][\/vc_row_inner][\/vc_column][\/vc_row][vc_row][vc_column el_class=&#8221;bg-image-over&#8221; css=&#8221;.vc_custom_1669717386474{margin-top: -7% !important;}&#8221;]<div class=\"mkdf-single-image-holder   \">\n    <div class=\"mkdf-si-inner\" >\n                                    <img decoding=\"async\" width=\"1919\" height=\"145\" src=\"https:\/\/www.xn--nordsdtrail-xhb.de\/wp-content\/uploads\/2020\/11\/h1-rev-bottom.png\" class=\"attachment-full size-full\" alt=\"\" srcset=\"https:\/\/www.xn--nordsdtrail-xhb.de\/wp-content\/uploads\/2020\/11\/h1-rev-bottom.png 1919w, https:\/\/www.xn--nordsdtrail-xhb.de\/wp-content\/uploads\/2020\/11\/h1-rev-bottom-300x23.png 300w, https:\/\/www.xn--nordsdtrail-xhb.de\/wp-content\/uploads\/2020\/11\/h1-rev-bottom-1024x77.png 1024w, https:\/\/www.xn--nordsdtrail-xhb.de\/wp-content\/uploads\/2020\/11\/h1-rev-bottom-768x58.png 768w, https:\/\/www.xn--nordsdtrail-xhb.de\/wp-content\/uploads\/2020\/11\/h1-rev-bottom-1536x116.png 1536w\" sizes=\"(max-width: 1919px) 100vw, 1919px\" \/>                        <\/div>\n<\/div>[\/vc_column][\/vc_row][vc_row row_content_width=&#8221;grid&#8221;][vc_column][vc_column_text css=&#8221;&#8221;]<span style=\"color: #000000; font-size: 14pt;\">Duitsland is een prachtig wandelland met een gevarieerd landschap en goed ontwikkelde wandelpaden. Van de ruige Noordzeekust in het noorden tot de majestueuze Alpen in het zuiden, er zijn veel wandelgebieden om te ontdekken. Hier zijn enkele populaire wandelgebieden in Duitsland:<\/span>\r\n<div class=\"flex flex-grow flex-col gap-3\">\r\n<div class=\"min-h-[20px] flex items-start overflow-x-auto whitespace-pre-wrap break-words flex-col gap-4\">\r\n<div class=\"markdown prose w-full break-words dark:prose-invert light\">\r\n<ol>\r\n \t<li><span style=\"color: #000000;\"><strong>De Alpen:<\/strong><\/span> De Duitse Alpen bieden een indrukwekkend berglandschap met hoge toppen, groene valleien en heldere bergmeren. Populaire wandelgebieden zijn het Zugspitzmassief, het Wettersteingebergte en de Allg\u00e4u. Hier kunnen wandelaars alpinepaden verkennen, bergtoppen beklimmen en genieten van een adembenemend uitzicht op het omliggende landschap.<\/li>\r\n \t<li><span style=\"color: #000000;\"><strong>Het Zwarte Woud:<\/strong><\/span> Het Zwarte Woud in het zuidwesten van Duitsland is een van de grootste en bekendste middelgebergtes van het land. Met dichte bossen, romantische valleien en schilderachtige meren biedt het Zwarte Woud een ideaal decor voor wandelingen. De Westweg en Mittelweg zijn populaire langeafstandswandelpaden die door het Zwarte Woud lopen.<\/li>\r\n \t<li><span style=\"color: #000000;\"><strong>Saksisch Zwitserland:<\/strong><\/span> Saksisch Zwitserland in Saksen maakt indruk met bizarre rotsformaties, diepe kloven en idyllische riviervalleien. De Malerweg is een bekende wandelroute in deze regio en loopt door het spectaculaire landschap van het Elbsandsteingebirge.<\/li>\r\n \t<li><span style=\"color: #000000;\"><strong>De Eifel:<\/strong><\/span> De Eifel in Rheinland-Pfalz en Noordrijn-Westfalen is een middelgebergte met een gevarieerd landschap van vulkanen, vulkanische kratermeren en dichte bossen. De Eifelsteig is een populaire langeafstandswandelroute die door deze pittoreske regio loopt.<\/li>\r\n \t<li><span style=\"color: #000000;\"><strong>De Rh\u00f6n:<\/strong><\/span> De Rh\u00f6n is een middelgebergte in het drielandenpunt van Beieren, Hessen en Th\u00fcringen. Met glooiende heuvels, uitgestrekte weiden en een gevarieerde flora en fauna biedt de Rh\u00f6n ideale omstandigheden om te wandelen. De Hochrh\u00f6ner is een langeafstandswandelpad dat door deze regio loopt.<\/li>\r\n \t<li><span style=\"color: #000000;\"><strong>Het Mecklenburgse merengebied:<\/strong><\/span> in het noordoosten van Duitsland lokt het Mecklenburgse merengebied met een uniek waterlandschap. Wandelaars kunnen hier wandelen op goed aangelegde paden langs de meren en door de uitgestrekte bossen.<\/li>\r\n \t<li><span style=\"color: #000000;\"><strong>De Harz:<\/strong><\/span> de Harz is een middelgebergte dat zich uitstrekt over delen van Nedersaksen, Saksen-Anhalt en Th\u00fcringen. Met dichte bossen, romantische valleien en mystieke rotsformaties biedt de Harz een gevarieerde wandelervaring. De Harzer Hexenstieg en de Brocken zijn populaire bestemmingen voor wandelaars in deze regio.<\/li>\r\n<\/ol>\r\n<\/div>\r\n<\/div>\r\n<\/div>\r\n[\/vc_column_text][vc_column_text css=&#8221;&#8221;]<span style=\"font-size: 12pt; color: #41532e;\"><strong>Dit zijn slechts enkele voorbeelden van de verschillende wandelgebieden in Duitsland. Het land biedt een overvloed aan mogelijkheden om de natuur te verkennen, frisse lucht te halen en te genieten van de schoonheid van het Duitse landschap. Of je nu liever in de bergen wandelt, door idyllische valleien gaat of langs de kust loopt, Duitsland biedt veel gevarieerde routes voor wandelliefhebbers.<\/strong><\/span>[\/vc_column_text][vc_empty_space][\/vc_column][\/vc_row][vc_row row_content_width=&#8221;grid&#8221;][vc_column][vc_column_text css=&#8221;&#8221;]<div id=\"image-map-pro-3430\"><\/div>[\/vc_column_text][vc_empty_space height=&#8221;16px&#8221;][vc_column_text]<span id=\"cc\">Achtergrondkaart: <a href=\"https:\/\/commons.wikimedia.org\/wiki\/File:Reliefkarte_Deutschland.png\">Tschubby<\/a>, <a href=\"http:\/\/creativecommons.org\/licenses\/by-sa\/3.0\/\">CC BY-SA 3.0<\/a>, via Wikimedia Commons<\/span>[\/vc_column_text][vc_empty_space][\/vc_column][\/vc_row][vc_row][vc_column][vc_empty_space][\/vc_column][\/vc_row][vc_row css=&#8221;.vc_custom_1707557678677{padding-top: 65px !important;background-image: url(https:\/\/www.xn--nordsdtrail-xhb.de\/wp-content\/uploads\/2020\/11\/h1-img-26.png?id=174) !important;}&#8221;][vc_column][vc_row_inner][vc_column_inner][vc_single_image image=&#8221;9932&#8243; img_size=&#8221;full&#8221; alignment=&#8221;center&#8221;][\/vc_column_inner][\/vc_row_inner][\/vc_column][\/vc_row]<\/div>","protected":false},"excerpt":{"rendered":"<p>[vc_row css=&#8221;.vc_custom_1674826654070{padding-top: 250px !important;padding-bottom: 250px !important;background-image: url(https:\/\/www.xn--nordsdtrail-xhb.de\/wp-content\/uploads\/2023\/01\/HeadInteraktive-Karte.jpg?id=7036) !important;background-position: center !important;background-repeat: no-repeat !important;background-size: cover !important;}&#8221;][vc_column][vc_row_inner row_content_width=&#8221;grid&#8221;][vc_column_inner][vc_custom_heading text=&#8221;Welke routes behoren tot het NST?&#8221; font_container=&#8221;tag:h6|text_align:center|color:%23ffffff&#8221; use_theme_fonts=&#8221;yes&#8221;][\/vc_column_inner][\/vc_row_inner][\/vc_column][\/vc_row][vc_row][vc_column el_class=&#8221;bg-image-over&#8221; css=&#8221;.vc_custom_1669717386474{margin-top: -7% !important;}&#8221;][\/vc_column][\/vc_row][vc_row row_content_width=&#8221;grid&#8221;][vc_column][vc_column_text css=&#8221;&#8221;]Duitsland is een prachtig wandelland met een gevarieerd landschap en goed ontwikkelde [&hellip;]<\/p>\n","protected":false},"author":2,"featured_media":32160,"parent":0,"menu_order":0,"comment_status":"closed","ping_status":"closed","template":"full-width.php","meta":{"footnotes":""},"class_list":["post-31947","page","type-page","status-publish","has-post-thumbnail","hentry"],"aioseo_notices":[],"_links":{"self":[{"href":"https:\/\/www.xn--nordsdtrail-xhb.de\/nl\/wp-json\/wp\/v2\/pages\/31947","targetHints":{"allow":["GET"]}}],"collection":[{"href":"https:\/\/www.xn--nordsdtrail-xhb.de\/nl\/wp-json\/wp\/v2\/pages"}],"about":[{"href":"https:\/\/www.xn--nordsdtrail-xhb.de\/nl\/wp-json\/wp\/v2\/types\/page"}],"author":[{"embeddable":true,"href":"https:\/\/www.xn--nordsdtrail-xhb.de\/nl\/wp-json\/wp\/v2\/users\/2"}],"replies":[{"embeddable":true,"href":"https:\/\/www.xn--nordsdtrail-xhb.de\/nl\/wp-json\/wp\/v2\/comments?post=31947"}],"version-history":[{"count":0,"href":"https:\/\/www.xn--nordsdtrail-xhb.de\/nl\/wp-json\/wp\/v2\/pages\/31947\/revisions"}],"wp:featuredmedia":[{"embeddable":true,"href":"https:\/\/www.xn--nordsdtrail-xhb.de\/nl\/wp-json\/wp\/v2\/media\/32160"}],"wp:attachment":[{"href":"https:\/\/www.xn--nordsdtrail-xhb.de\/nl\/wp-json\/wp\/v2\/media?parent=31947"}],"curies":[{"name":"wp","href":"https:\/\/api.w.org\/{rel}","templated":true}]}}